{"id":3939,"date":"2024-09-25T17:47:56","date_gmt":"2024-09-25T15:47:56","guid":{"rendered":"https:\/\/www.gbformacio.com\/canal-de-denuncies\/"},"modified":"2024-11-25T10:05:58","modified_gmt":"2024-11-25T09:05:58","slug":"canal-de-denuncies","status":"publish","type":"page","link":"https:\/\/www.gbformacio.com\/ca\/canal-de-denuncies\/","title":{"rendered":"Canal de den\u00fancies"},"content":{"rendered":"\t\t<div data-elementor-type=\"wp-page\" data-elementor-id=\"3939\" class=\"elementor elementor-3939 elementor-159\" data-elementor-post-type=\"page\">\n\t\t\t\t<div class=\"elementor-element elementor-element-30a948b e-flex e-con-boxed e-con e-parent\" data-id=\"30a948b\" data-element_type=\"container\" data-e-type=\"container\" data-settings=\"{&quot;background_background&quot;:&quot;classic&quot;}\">\n\t\t\t\t\t<div class=\"e-con-inner\">\n\t\t<div class=\"elementor-element elementor-element-74f7faa e-con-full e-flex e-con e-child\" data-id=\"74f7faa\" data-element_type=\"container\" data-e-type=\"container\">\n\t\t<div class=\"elementor-element elementor-element-dbd01d3 e-con-full e-flex e-con e-child\" data-id=\"dbd01d3\" data-element_type=\"container\" data-e-type=\"container\">\n\t\t\t\t<div class=\"elementor-element elementor-element-3aaf392 elementor-widget elementor-widget-heading\" data-id=\"3aaf392\" data-element_type=\"widget\" data-e-type=\"widget\" data-widget_type=\"heading.default\">\n\t\t\t\t<div class=\"elementor-widget-container\">\n\t\t\t\t\t<h2 class=\"elementor-heading-title elementor-size-default\">Canal de den\u00fancies<\/h2>\t\t\t\t<\/div>\n\t\t\t\t<\/div>\n\t\t\t\t<div class=\"elementor-element elementor-element-84f35ec elementor-widget elementor-widget-text-editor\" data-id=\"84f35ec\" data-element_type=\"widget\" data-e-type=\"widget\" data-widget_type=\"text-editor.default\">\n\t\t\t\t<div class=\"elementor-widget-container\">\n\t\t\t\t\t\t\t\t\t<p>Informa&#8217;ns sobre qualsevol violaci\u00f3 a les nostres pol\u00edtiques.<\/p>\n\t\t\t\t\t\t\t\t<\/div>\n\t\t\t\t<\/div>\n\t\t\t\t<\/div>\n\t\t<div class=\"elementor-element elementor-element-7d20eb8 e-con-full elementor-hidden-tablet elementor-hidden-mobile e-flex e-con e-child\" data-id=\"7d20eb8\" data-element_type=\"container\" data-e-type=\"container\">\n\t\t\t\t<\/div>\n\t\t\t\t<\/div>\n\t\t\t\t\t<\/div>\n\t\t\t\t<\/div>\n\t\t<div class=\"elementor-element elementor-element-c580d36 e-flex e-con-boxed e-con e-parent\" data-id=\"c580d36\" data-element_type=\"container\" data-e-type=\"container\">\n\t\t\t\t\t<div class=\"e-con-inner\">\n\t\t<div class=\"elementor-element elementor-element-64c9cf9 e-con-full e-flex e-con e-child\" data-id=\"64c9cf9\" data-element_type=\"container\" data-e-type=\"container\">\n\t\t\t\t<div class=\"elementor-element elementor-element-c64698c elementor-widget elementor-widget-text-editor\" data-id=\"c64698c\" data-element_type=\"widget\" data-e-type=\"widget\" data-widget_type=\"text-editor.default\">\n\t\t\t\t<div class=\"elementor-widget-container\">\n\t\t\t\t\t\t\t\t\t<p>A Gremi Baix Fundaci\u00f3 estem compromesos amb un entorn de treball segur, transparent i \u00e8tic. Per aix\u00f2, hem implementat aquest Canal de Den\u00fancies, on podr\u00e0s informar sobre qualsevol conducta inadequada, irregularitats o violacions a les nostres pol\u00edtiques.<\/p><p>\u00a0<\/p><p>Et convidem a reportar qualsevol situaci\u00f3 que consideris que posa en risc la integritat de la nostra organitzaci\u00f3, enviant-nos un correu a <a href=\"mailto:canal-denuncias@gbformacio.com\">canal-denuncias@gbformacio.com<\/a><\/p><h4>\u00a0<\/h4><h4>Confidencialitat i protecci\u00f3<\/h4><p>\u00a0<\/p><p>Totes les den\u00fancies seran tractades amb la m\u00e0xima confidencialitat i serietat. Ens comprometem a investigar cada cas de manera justa i sense repres\u00e0lies. La protecci\u00f3 del denunciant \u00e9s la nostra prioritat.<\/p><h4>\u00a0<\/h4><p>Agra\u00efm la teva col\u00b7laboraci\u00f3 per mantenir un entorn laboral sa i \u00e8tic. La teva veu \u00e9s fonamental per fomentar la transpar\u00e8ncia i la integritat a Gremi Baix Fundaci\u00f3.<\/p>\t\t\t\t\t\t\t\t<\/div>\n\t\t\t\t<\/div>\n\t\t\t\t<\/div>\n\t\t<div class=\"elementor-element elementor-element-c6608ec e-con-full e-flex e-con e-child\" data-id=\"c6608ec\" data-element_type=\"container\" data-e-type=\"container\" data-settings=\"{&quot;sticky&quot;:&quot;top&quot;,&quot;sticky_offset&quot;:140,&quot;sticky_parent&quot;:&quot;yes&quot;,&quot;sticky_on&quot;:[&quot;desktop&quot;],&quot;sticky_effects_offset&quot;:0,&quot;sticky_anchor_link_offset&quot;:0}\">\n\t\t\t\t<div class=\"elementor-element elementor-element-62ed52c elementor-nav-menu--dropdown-none elementor-widget elementor-widget-nav-menu\" data-id=\"62ed52c\" data-element_type=\"widget\" data-e-type=\"widget\" data-settings=\"{&quot;layout&quot;:&quot;vertical&quot;,&quot;submenu_icon&quot;:{&quot;value&quot;:&quot;&lt;svg aria-hidden=\\&quot;true\\&quot; class=\\&quot;e-font-icon-svg e-fas-caret-down\\&quot; viewBox=\\&quot;0 0 320 512\\&quot; xmlns=\\&quot;http:\\\/\\\/www.w3.org\\\/2000\\\/svg\\&quot;&gt;&lt;path d=\\&quot;M31.3 192h257.3c17.8 0 26.7 21.5 14.1 34.1L174.1 354.8c-7.8 7.8-20.5 7.8-28.3 0L17.2 226.1C4.6 213.5 13.5 192 31.3 192z\\&quot;&gt;&lt;\\\/path&gt;&lt;\\\/svg&gt;&quot;,&quot;library&quot;:&quot;fa-solid&quot;}}\" data-widget_type=\"nav-menu.default\">\n\t\t\t\t<div class=\"elementor-widget-container\">\n\t\t\t\t\t\t\t\t<nav aria-label=\"Men\u00fa\" class=\"elementor-nav-menu--main elementor-nav-menu__container elementor-nav-menu--layout-vertical e--pointer-none\">\n\t\t\t\t<ul id=\"menu-1-62ed52c\" class=\"elementor-nav-menu sm-vertical\"><li class=\"menu-item menu-item-type-post_type menu-item-object-page menu-item-6390\"><a href=\"https:\/\/www.gbformacio.com\/ca\/avis-legal\/\" class=\"elementor-item\">Av\u00eds legal<\/a><\/li>\n<li class=\"menu-item menu-item-type-post_type menu-item-object-page menu-item-6392\"><a href=\"https:\/\/www.gbformacio.com\/ca\/politica-de-privadesa\/\" class=\"elementor-item\">Pol\u00edtica de privadesa<\/a><\/li>\n<li class=\"menu-item menu-item-type-post_type menu-item-object-page menu-item-6391\"><a href=\"https:\/\/www.gbformacio.com\/ca\/politica-de-cookies\/\" class=\"elementor-item\">Pol\u00edtica de cookies<\/a><\/li>\n<li class=\"menu-item menu-item-type-post_type menu-item-object-page menu-item-6393\"><a href=\"https:\/\/www.gbformacio.com\/ca\/canal-de-denuncies\/\" class=\"elementor-item\">Canal de den\u00fancies<\/a><\/li>\n<\/ul>\t\t\t<\/nav>\n\t\t\t\t\t\t<nav class=\"elementor-nav-menu--dropdown elementor-nav-menu__container\" aria-hidden=\"true\">\n\t\t\t\t<ul id=\"menu-2-62ed52c\" class=\"elementor-nav-menu sm-vertical\"><li class=\"menu-item menu-item-type-post_type menu-item-object-page menu-item-6390\"><a href=\"https:\/\/www.gbformacio.com\/ca\/avis-legal\/\" class=\"elementor-item\" tabindex=\"-1\">Av\u00eds legal<\/a><\/li>\n<li class=\"menu-item menu-item-type-post_type menu-item-object-page menu-item-6392\"><a href=\"https:\/\/www.gbformacio.com\/ca\/politica-de-privadesa\/\" class=\"elementor-item\" tabindex=\"-1\">Pol\u00edtica de privadesa<\/a><\/li>\n<li class=\"menu-item menu-item-type-post_type menu-item-object-page menu-item-6391\"><a href=\"https:\/\/www.gbformacio.com\/ca\/politica-de-cookies\/\" class=\"elementor-item\" tabindex=\"-1\">Pol\u00edtica de cookies<\/a><\/li>\n<li class=\"menu-item menu-item-type-post_type menu-item-object-page menu-item-6393\"><a href=\"https:\/\/www.gbformacio.com\/ca\/canal-de-denuncies\/\" class=\"elementor-item\" tabindex=\"-1\">Canal de den\u00fancies<\/a><\/li>\n<\/ul>\t\t\t<\/nav>\n\t\t\t\t\t\t<\/div>\n\t\t\t\t<\/div>\n\t\t\t\t<\/div>\n\t\t\t\t\t<\/div>\n\t\t\t\t<\/div>\n\t\t\t\t<\/div>\n\t\t","protected":false},"excerpt":{"rendered":"<p>Canal de den\u00fancies Informa&#8217;ns sobre qualsevol violaci\u00f3 a les nostres pol\u00edtiques. A Gremi Baix Fundaci\u00f3 estem compromesos amb un entorn de treball segur, transparent i \u00e8tic. Per aix\u00f2, hem implementat [&hellip;]<\/p>\n","protected":false},"author":1,"featured_media":0,"parent":0,"menu_order":0,"comment_status":"closed","ping_status":"closed","template":"","meta":{"_acf_changed":false,"footnotes":""},"class_list":["post-3939","page","type-page","status-publish","hentry"],"acf":[],"yoast_head":"<!-- This site is optimized with the Yoast SEO plugin v27.3 - https:\/\/yoast.com\/product\/yoast-seo-wordpress\/ -->\n<title>Canal de den\u00fancies - GB Fundaci\u00f3<\/title>\n<meta name=\"robots\" content=\"index, follow, max-snippet:-1, max-image-preview:large, max-video-preview:-1\" \/>\n<link rel=\"canonical\" href=\"https:\/\/www.gbformacio.com\/ca\/canal-de-denuncies\/\" \/>\n<meta property=\"og:locale\" content=\"ca_ES\" \/>\n<meta property=\"og:type\" content=\"article\" \/>\n<meta property=\"og:title\" content=\"Canal de den\u00fancies - GB Fundaci\u00f3\" \/>\n<meta property=\"og:description\" content=\"Canal de den\u00fancies Informa&#8217;ns sobre qualsevol violaci\u00f3 a les nostres pol\u00edtiques. A Gremi Baix Fundaci\u00f3 estem compromesos amb un entorn de treball segur, transparent i \u00e8tic. Per aix\u00f2, hem implementat [&hellip;]\" \/>\n<meta property=\"og:url\" content=\"https:\/\/www.gbformacio.com\/ca\/canal-de-denuncies\/\" \/>\n<meta property=\"og:site_name\" content=\"GB Fundaci\u00f3\" \/>\n<meta property=\"article:publisher\" content=\"https:\/\/www.facebook.com\/GBFundaci-164953027510395\/\" \/>\n<meta property=\"article:modified_time\" content=\"2024-11-25T09:05:58+00:00\" \/>\n<meta name=\"twitter:card\" content=\"summary_large_image\" \/>\n<meta name=\"twitter:label1\" content=\"Temps estimat de lectura\" \/>\n\t<meta name=\"twitter:data1\" content=\"1 minut\" \/>\n<script type=\"application\/ld+json\" class=\"yoast-schema-graph\">{\"@context\":\"https:\\\/\\\/schema.org\",\"@graph\":[{\"@type\":\"WebPage\",\"@id\":\"https:\\\/\\\/www.gbformacio.com\\\/ca\\\/canal-de-denuncies\\\/\",\"url\":\"https:\\\/\\\/www.gbformacio.com\\\/ca\\\/canal-de-denuncies\\\/\",\"name\":\"Canal de den\u00fancies - GB Fundaci\u00f3\",\"isPartOf\":{\"@id\":\"https:\\\/\\\/www.gbformacio.com\\\/ca\\\/#website\"},\"datePublished\":\"2024-09-25T15:47:56+00:00\",\"dateModified\":\"2024-11-25T09:05:58+00:00\",\"breadcrumb\":{\"@id\":\"https:\\\/\\\/www.gbformacio.com\\\/ca\\\/canal-de-denuncies\\\/#breadcrumb\"},\"inLanguage\":\"ca\",\"potentialAction\":[{\"@type\":\"ReadAction\",\"target\":[\"https:\\\/\\\/www.gbformacio.com\\\/ca\\\/canal-de-denuncies\\\/\"]}]},{\"@type\":\"BreadcrumbList\",\"@id\":\"https:\\\/\\\/www.gbformacio.com\\\/ca\\\/canal-de-denuncies\\\/#breadcrumb\",\"itemListElement\":[{\"@type\":\"ListItem\",\"position\":1,\"name\":\"Portada\",\"item\":\"https:\\\/\\\/www.gbformacio.com\\\/ca\\\/inici\\\/\"},{\"@type\":\"ListItem\",\"position\":2,\"name\":\"Canal de den\u00fancies\"}]},{\"@type\":\"WebSite\",\"@id\":\"https:\\\/\\\/www.gbformacio.com\\\/ca\\\/#website\",\"url\":\"https:\\\/\\\/www.gbformacio.com\\\/ca\\\/\",\"name\":\"GB Fundaci\u00f3\",\"description\":\"\",\"publisher\":{\"@id\":\"https:\\\/\\\/www.gbformacio.com\\\/ca\\\/#organization\"},\"potentialAction\":[{\"@type\":\"SearchAction\",\"target\":{\"@type\":\"EntryPoint\",\"urlTemplate\":\"https:\\\/\\\/www.gbformacio.com\\\/ca\\\/?s={search_term_string}\"},\"query-input\":{\"@type\":\"PropertyValueSpecification\",\"valueRequired\":true,\"valueName\":\"search_term_string\"}}],\"inLanguage\":\"ca\"},{\"@type\":\"Organization\",\"@id\":\"https:\\\/\\\/www.gbformacio.com\\\/ca\\\/#organization\",\"name\":\"GB Fundaci\u00f3\",\"url\":\"https:\\\/\\\/www.gbformacio.com\\\/ca\\\/\",\"logo\":{\"@type\":\"ImageObject\",\"inLanguage\":\"ca\",\"@id\":\"https:\\\/\\\/www.gbformacio.com\\\/ca\\\/#\\\/schema\\\/logo\\\/image\\\/\",\"url\":\"https:\\\/\\\/www.gbformacio.com\\\/wp-content\\\/uploads\\\/2024\\\/09\\\/logo.svg\",\"contentUrl\":\"https:\\\/\\\/www.gbformacio.com\\\/wp-content\\\/uploads\\\/2024\\\/09\\\/logo.svg\",\"width\":367,\"height\":190,\"caption\":\"GB Fundaci\u00f3\"},\"image\":{\"@id\":\"https:\\\/\\\/www.gbformacio.com\\\/ca\\\/#\\\/schema\\\/logo\\\/image\\\/\"},\"sameAs\":[\"https:\\\/\\\/www.facebook.com\\\/GBFundaci-164953027510395\\\/\"]}]}<\/script>\n<!-- \/ Yoast SEO plugin. -->","yoast_head_json":{"title":"Canal de den\u00fancies - GB Fundaci\u00f3","robots":{"index":"index","follow":"follow","max-snippet":"max-snippet:-1","max-image-preview":"max-image-preview:large","max-video-preview":"max-video-preview:-1"},"canonical":"https:\/\/www.gbformacio.com\/ca\/canal-de-denuncies\/","og_locale":"ca_ES","og_type":"article","og_title":"Canal de den\u00fancies - GB Fundaci\u00f3","og_description":"Canal de den\u00fancies Informa&#8217;ns sobre qualsevol violaci\u00f3 a les nostres pol\u00edtiques. A Gremi Baix Fundaci\u00f3 estem compromesos amb un entorn de treball segur, transparent i \u00e8tic. Per aix\u00f2, hem implementat [&hellip;]","og_url":"https:\/\/www.gbformacio.com\/ca\/canal-de-denuncies\/","og_site_name":"GB Fundaci\u00f3","article_publisher":"https:\/\/www.facebook.com\/GBFundaci-164953027510395\/","article_modified_time":"2024-11-25T09:05:58+00:00","twitter_card":"summary_large_image","twitter_misc":{"Temps estimat de lectura":"1 minut"},"schema":{"@context":"https:\/\/schema.org","@graph":[{"@type":"WebPage","@id":"https:\/\/www.gbformacio.com\/ca\/canal-de-denuncies\/","url":"https:\/\/www.gbformacio.com\/ca\/canal-de-denuncies\/","name":"Canal de den\u00fancies - GB Fundaci\u00f3","isPartOf":{"@id":"https:\/\/www.gbformacio.com\/ca\/#website"},"datePublished":"2024-09-25T15:47:56+00:00","dateModified":"2024-11-25T09:05:58+00:00","breadcrumb":{"@id":"https:\/\/www.gbformacio.com\/ca\/canal-de-denuncies\/#breadcrumb"},"inLanguage":"ca","potentialAction":[{"@type":"ReadAction","target":["https:\/\/www.gbformacio.com\/ca\/canal-de-denuncies\/"]}]},{"@type":"BreadcrumbList","@id":"https:\/\/www.gbformacio.com\/ca\/canal-de-denuncies\/#breadcrumb","itemListElement":[{"@type":"ListItem","position":1,"name":"Portada","item":"https:\/\/www.gbformacio.com\/ca\/inici\/"},{"@type":"ListItem","position":2,"name":"Canal de den\u00fancies"}]},{"@type":"WebSite","@id":"https:\/\/www.gbformacio.com\/ca\/#website","url":"https:\/\/www.gbformacio.com\/ca\/","name":"GB Fundaci\u00f3","description":"","publisher":{"@id":"https:\/\/www.gbformacio.com\/ca\/#organization"},"potentialAction":[{"@type":"SearchAction","target":{"@type":"EntryPoint","urlTemplate":"https:\/\/www.gbformacio.com\/ca\/?s={search_term_string}"},"query-input":{"@type":"PropertyValueSpecification","valueRequired":true,"valueName":"search_term_string"}}],"inLanguage":"ca"},{"@type":"Organization","@id":"https:\/\/www.gbformacio.com\/ca\/#organization","name":"GB Fundaci\u00f3","url":"https:\/\/www.gbformacio.com\/ca\/","logo":{"@type":"ImageObject","inLanguage":"ca","@id":"https:\/\/www.gbformacio.com\/ca\/#\/schema\/logo\/image\/","url":"https:\/\/www.gbformacio.com\/wp-content\/uploads\/2024\/09\/logo.svg","contentUrl":"https:\/\/www.gbformacio.com\/wp-content\/uploads\/2024\/09\/logo.svg","width":367,"height":190,"caption":"GB Fundaci\u00f3"},"image":{"@id":"https:\/\/www.gbformacio.com\/ca\/#\/schema\/logo\/image\/"},"sameAs":["https:\/\/www.facebook.com\/GBFundaci-164953027510395\/"]}]}},"_links":{"self":[{"href":"https:\/\/www.gbformacio.com\/ca\/wp-json\/wp\/v2\/pages\/3939","targetHints":{"allow":["GET"]}}],"collection":[{"href":"https:\/\/www.gbformacio.com\/ca\/wp-json\/wp\/v2\/pages"}],"about":[{"href":"https:\/\/www.gbformacio.com\/ca\/wp-json\/wp\/v2\/types\/page"}],"author":[{"embeddable":true,"href":"https:\/\/www.gbformacio.com\/ca\/wp-json\/wp\/v2\/users\/1"}],"replies":[{"embeddable":true,"href":"https:\/\/www.gbformacio.com\/ca\/wp-json\/wp\/v2\/comments?post=3939"}],"version-history":[{"count":0,"href":"https:\/\/www.gbformacio.com\/ca\/wp-json\/wp\/v2\/pages\/3939\/revisions"}],"wp:attachment":[{"href":"https:\/\/www.gbformacio.com\/ca\/wp-json\/wp\/v2\/media?parent=3939"}],"curies":[{"name":"wp","href":"https:\/\/api.w.org\/{rel}","templated":true}]}}