{"id":3948,"date":"2024-10-17T11:41:26","date_gmt":"2024-10-17T09:41:26","guid":{"rendered":"https:\/\/www.gbformacio.com\/politica-de-cookies\/"},"modified":"2024-11-27T12:16:57","modified_gmt":"2024-11-27T11:16:57","slug":"politica-de-cookies","status":"publish","type":"page","link":"https:\/\/www.gbformacio.com\/ca\/politica-de-cookies\/","title":{"rendered":"Pol\u00edtica de cookies"},"content":{"rendered":"\t\t<div data-elementor-type=\"wp-page\" data-elementor-id=\"3948\" class=\"elementor elementor-3948 elementor-3378\" data-elementor-post-type=\"page\">\n\t\t\t\t<div class=\"elementor-element elementor-element-491b73d e-flex e-con-boxed e-con e-parent\" data-id=\"491b73d\" data-element_type=\"container\" data-e-type=\"container\" data-settings=\"{&quot;background_background&quot;:&quot;classic&quot;}\">\n\t\t\t\t\t<div class=\"e-con-inner\">\n\t\t<div class=\"elementor-element elementor-element-63c4991 e-con-full e-flex e-con e-child\" data-id=\"63c4991\" data-element_type=\"container\" data-e-type=\"container\">\n\t\t<div class=\"elementor-element elementor-element-672d929 e-con-full e-flex e-con e-child\" data-id=\"672d929\" data-element_type=\"container\" data-e-type=\"container\">\n\t\t\t\t<div class=\"elementor-element elementor-element-feaabff elementor-widget elementor-widget-heading\" data-id=\"feaabff\" data-element_type=\"widget\" data-e-type=\"widget\" data-widget_type=\"heading.default\">\n\t\t\t\t<div class=\"elementor-widget-container\">\n\t\t\t\t\t<h2 class=\"elementor-heading-title elementor-size-default\">Pol\u00edtica de cookies<\/h2>\t\t\t\t<\/div>\n\t\t\t\t<\/div>\n\t\t\t\t<div class=\"elementor-element elementor-element-5eee898 elementor-widget elementor-widget-text-editor\" data-id=\"5eee898\" data-element_type=\"widget\" data-e-type=\"widget\" data-widget_type=\"text-editor.default\">\n\t\t\t\t<div class=\"elementor-widget-container\">\n\t\t\t\t\t\t\t\t\t<p>Que s\u00f3n les cookies i quins tipus de cookies utilitzem.<\/p>\n\t\t\t\t\t\t\t\t<\/div>\n\t\t\t\t<\/div>\n\t\t\t\t<\/div>\n\t\t<div class=\"elementor-element elementor-element-e188ba8 e-con-full e-flex e-con e-child\" data-id=\"e188ba8\" data-element_type=\"container\" data-e-type=\"container\">\n\t\t\t\t<\/div>\n\t\t\t\t<\/div>\n\t\t\t\t\t<\/div>\n\t\t\t\t<\/div>\n\t\t<div class=\"elementor-element elementor-element-4fea62a e-flex e-con-boxed e-con e-parent\" data-id=\"4fea62a\" data-element_type=\"container\" data-e-type=\"container\">\n\t\t\t\t\t<div class=\"e-con-inner\">\n\t\t<div class=\"elementor-element elementor-element-b1e7fe0 e-con-full e-flex e-con e-child\" data-id=\"b1e7fe0\" data-element_type=\"container\" data-e-type=\"container\">\n\t\t\t\t<div class=\"elementor-element elementor-element-5fdced4 elementor-widget elementor-widget-text-editor\" data-id=\"5fdced4\" data-element_type=\"widget\" data-e-type=\"widget\" data-widget_type=\"text-editor.default\">\n\t\t\t\t<div class=\"elementor-widget-container\">\n\t\t\t\t\t\t\t\t\t<p>Aquesta Pol\u00edtica de Cookies explica qu\u00e8 s\u00f3n les cookies, com les que utilitza GREMIBAIX FUNDACI\u00d3 (d&#8217;ara endavant, \u201cGBFUNDACI\u00d3\u201d) a la seva p\u00e0gina web <a href=\"https:\/\/www.gbformacio.com\/\">https:\/\/www.gbformacio.com\/<\/a> (d&#8217;ara endavant, el \u201cLloc Web\u201d) i com les pot administrar l&#8217;usuari.<\/p><h4>\u00a0<\/h4><h4>1. Qu\u00e8 \u00e9s una cookie?<\/h4><p>\u00a0<\/p><p>Una cookie \u00e9s qualsevol tipus de dispositiu de l&#8217;emmagatzematge i la recuperaci\u00f3 de dades que s&#8217;utilitzi a l&#8217;equip terminal d&#8217;un usuari amb la finalitat d&#8217;emmagatzemar informaci\u00f3 i recuperar la informaci\u00f3 ja emmagatzemada. Aix\u00ed, les cookies s\u00f3n petits fitxers de dades que s&#8217;allotgen a l&#8217;ordinador de l&#8217;usuari i que contenen certa informaci\u00f3 de la visita que l&#8217;usuari fa al Lloc Web. La cookie \u00e9s descarregada pel dispositiu que utilitza per accedir al Lloc Web i emmagatzemada al disc dur del dispositiu. A la present Pol\u00edtica de Cookies utilitzem la paraula cookie per referir-nos a tots els fitxers que emmagatzemen informaci\u00f3 d&#8217;aquesta manera.<\/p><p>\u00a0<\/p><p>Les cookies tenen diverses utilitats, entre elles permetre que el Lloc Web reconegui el dispositiu quan torni a visitar-nos, assegurar que rep el contingut correcte o guardar informaci\u00f3 amb prefer\u00e8ncies o serveis que l&#8217;usuari ens ha proporcionat. Les cookies no fan malb\u00e9 el dispositiu de l&#8217;usuari.<\/p><h4>\u00a0<\/h4><h4>2. Quins tipus de cookies utilitzem?<\/h4><p>\u00a0<\/p><p>Les cookies es poden diferenciar tenint en compte la finalitat per a les quals s&#8217;utilitzen, la seva durada o qui les gestiona. \u00c9s important tenir en compte que una mateixa cookie pot pert\u00e0nyer a diverses categories. A continuaci\u00f3, us proporcionem una descripci\u00f3 de les cookies emprades al Lloc web:<\/p><h5>\u00a0<\/h5><h5>A) Segons la finalitat de les cookies<\/h5><p>\u00a0<\/p><p><strong>Cookies t\u00e8cniques<\/strong><\/p><p>S\u00f3n cookies t\u00e8cniques aquelles que permeten a l&#8217;usuari la navegaci\u00f3 a trav\u00e9s del Lloc Web i utilitzar les diferents opcions o serveis que ofereix. El nostre Lloc Web empra cookies t\u00e8cniques, alguna de les quals s\u00f3n essencials per al funcionament del Lloc Web, com, per exemple, les cookies que ens permet identificar els usuaris de manera que puguin entrar al seu acc\u00e9s privat o mantenir la sessi\u00f3 amb el servidor .<\/p><p>\u00a0<\/p><p>Si l&#8217;usuari decideix no habilitar aquestes cookies, pot ser que la navegaci\u00f3 pel Lloc Web no sigui possible o sigui molt menys satisfact\u00f2ria perqu\u00e8 hi hagi contingut que no pugui veure o funcionalitats que no pugui emprar.<\/p><p>\u00a0<\/p><p><strong>Cookies d&#8217;an\u00e0lisi<\/strong><\/p><p>Les cookies d&#8217;an\u00e0lisi permeten obtenir informaci\u00f3 gen\u00e8rica sobre els seus accessos al Lloc Web per tal de proporcionar-nos informaci\u00f3 agregada dels mateixos amb finalitats estad\u00edstiques. Aquest tipus de cookies s&#8217;utilitzen per analitzar com naveguen els usuaris pel Lloc Web i monitoritzar-ne el rendiment.<\/p><p>\u00a0<\/p><p>Addicionalment, les eines utilitzades per obtenir estad\u00edstiques d&#8217;\u00fas del Lloc Web ofereixen la possibilitat d&#8217;obtenir un nivell de detall cada cop m\u00e9s alt sobre el comportament dels visitants i usuaris del Lloc Web.<\/p><p>\u00a0<\/p><p>Aquestes dades es poden recollir, tractar i conservar associades a una adre\u00e7a IP o a un usuari determinat o b\u00e9 ser sotmeses a un proc\u00e9s de dissociaci\u00f3 per tal d&#8217;obtenir conclusions basades en dades an\u00f2nimes.<\/p><p>\u00a0<\/p><p>La informaci\u00f3 recollida a trav\u00e9s de cookies pot incloure, entre altres dades, l&#8217;adre\u00e7a IP que identifica l&#8217;ordinador en aquell moment, la data i l&#8217;hora de l&#8217;acc\u00e9s i les \u00e0rees del Lloc Web que es visiten. La finalitat d&#8217;aquesta recollida de dades \u00e9s supervisar l&#8217;\u00fas i la utilitat del nostre Lloc Web, amb fins estad\u00edstiques i de seguretat.<\/p><p>\u00a0<\/p><p><strong>Cookies de personalitzaci\u00f3<\/strong><\/p><p>S\u00f3n aquelles que permeten recordar informaci\u00f3 perqu\u00e8 l&#8217;usuari accedeixi al Lloc Web i els serveis que ofereix amb determinades caracter\u00edstiques que poden diferenciar la seva experi\u00e8ncia de la d&#8217;altres usuaris, com ara l&#8217;idioma, el nombre de resultats a mostrar quan l&#8217;usuari realitza una cerca, l&#8217;aspecte o el contingut del servei en funci\u00f3 del tipus de navegador a trav\u00e9s del qual l&#8217;usuari accedeix al servei o de la regi\u00f3 des de la qual accedeix al servei, etc. Les cookies tamb\u00e9 poden ser utilitzades per recordar la configuraci\u00f3 i les prefer\u00e8ncies de l&#8217;usuari quant al disseny, els colors i les zones o men\u00fas que voleu tenir m\u00e9s accessibles a la pantalla inicial. Fem servir cookies de funcionalitat per recordar les vostres prefer\u00e8ncies.<\/p><p>\u00a0<\/p><p><strong>Cookies de publicitat <\/strong><strong>comportamental<\/strong><br \/>Aquestes cookies emmagatzemen informaci\u00f3 del comportament dels usuaris obtinguda a trav\u00e9s de l&#8217;observaci\u00f3 continuada dels seus h\u00e0bits de navegaci\u00f3, cosa que permet desenvolupar un perfil espec\u00edfic per mostrar publicitat en funci\u00f3 dels mateixos. Utilitzem aquestes cookies per gestionar, de la manera m\u00e9s efica\u00e7 possible, els espais publicitaris en altres p\u00e0gines web segons criteris com el contingut editat o la freq\u00fc\u00e8ncia en qu\u00e8 es mostren els anuncis.<\/p><h5>\u00a0<\/h5><h5><strong>B) Segons l&#8217;entitat que les gestioni<\/strong><\/h5><p>\u00a0<\/p><p><strong>Cookies pr\u00f2pies<\/strong><br \/>S\u00f3n les cookies enviades al vostre terminal des d&#8217;un equip o domini gestionat per GBFUNDACI\u00d3 i des del qual es presta el servei sol\u00b7licitat.<\/p><p>\u00a0<\/p><p><strong>Cookies de tercers<\/strong><\/p><p>S\u00f3n les cookies que s&#8217;envien al seu terminal des d&#8217;un equip o domini que no \u00e9s gestionat per GBFUNDACI\u00d3, sin\u00f3 per una altra entitat que tracta les dades obtingudes a trav\u00e9s de les cookies.<br \/>A la nostra p\u00e0gina web utilitzem les cookies de les seg\u00fcents empreses:<\/p><p>\u00a0<\/p><p>Google LLC, empresa situada el 1600 Amphitheater Parkway, Mountain View, Calif\u00f2rnia 94043, United States (USA). Pots saber m\u00e9s sobre la pol\u00edtica de privadesa i de cookies de Google aqu\u00ed:<\/p><p>\u00a0<\/p><p>\u2022 <a href=\"https:\/\/policies.google.com\/technologies\/cookies?hl=es#how-google-uses-cookies\" target=\"_blank\" rel=\"noopener\">https:\/\/policies.google.com\/technologies\/cookies?hl=es#how-google-uses-cookies<\/a><br \/>\u2022 <a href=\"https:\/\/policies.google.com\/privacy?hl=es\" target=\"_blank\" rel=\"noopener\">https:\/\/policies.google.com\/privacy?hl=es<\/a><\/p><h5>\u00a0<\/h5><h5>C) Segons el termini d&#8217;activaci\u00f3<\/h5><p>\u00a0<\/p><p><strong>Cookies de sessi\u00f3<\/strong><br \/>S\u00f3n les galetes dissenyades per a demanar i emmagatzemar dades mentre l&#8217;usuari accedeix al Lloc Web.<\/p><p>\u00a0<\/p><p><strong>Cookies persistents<\/strong><br \/>S\u00f3n aquelles cookies on les dades segueixen emmagatzemades al terminal de l&#8217;usuari i poden ser accedides i tractades durant un per\u00edode definit pel responsable de la galeta, i que pot anar d&#8217;uns minuts a diversos anys.<\/p><h4>\u00a0<\/h4><h4>3. Quines cookies podr\u00e0 trobar al nostre lloc web?<\/h4><p>\u00a0<\/p><p>A GBFUNDACI\u00d3 utilitzem tant cookies pr\u00f2pies com de tercers al Lloc Web per a diferents finalitats. Les cookies que utilitza GBFUNDACI\u00d3 s\u00f3n les seg\u00fcents:<\/p><div class=\"cky-audit-table-element\">\u00a0<\/div><h4>4. Com deshabilitar i bloquejar cookies?<\/h4><p>\u00a0<\/p><p>Us informem que, a m\u00e9s d&#8217;utilitzar el nostre panell de gesti\u00f3 de cookies, tamb\u00e9 podeu deshabilitar o bloquejar les cookies activant la configuraci\u00f3 del vostre navegador, permetent-vos rebutjar la instal\u00b7laci\u00f3 de totes o alguna de les cookies. Si rebutgeu les cookies, podreu continuar fent \u00fas de la nostra web, encara que l&#8217;\u00fas d&#8217;alguns dels serveis pot ser limitat i com a conseq\u00fc\u00e8ncia, la vostra experi\u00e8ncia en el nostre Lloc Web ser\u00e0 menys satisfact\u00f2ria.<\/p><p>\u00a0<\/p><p>Si voleu retirar el vostre consentiment relacionat amb aquesta Pol\u00edtica de Cookies, haureu d&#8217;eliminar les cookies emmagatzemades al vostre equip a trav\u00e9s dels ajustaments i configuracions del vostre navegador d&#8217;internet.<\/p><p>\u00a0<\/p><p>Podeu permetre, bloquejar o eliminar les cookies instal\u00b7lades al vostre equip mitjan\u00e7ant la configuraci\u00f3 de les opcions del navegador instal\u00b7lat al vostre ordinador. Per a m\u00e9s informaci\u00f3 sobre com ajustar les vostres configuracions de cookies als seg\u00fcents navegadors, us remetem a l&#8217;enlla\u00e7 pertinent:<\/p><p>\u00a0<\/p><p>Internet Explorer<br \/>\u2022\u00a0<a href=\"http:\/\/xn--https-ix3b\/\/support.microsoft.com\/es-es\/help\/17442\/windows-internet-explorer-delete-manage-cookies\" target=\"_blank\" rel=\"noopener\">https:\/\/support.microsoft.com\/es-es\/help\/17442\/windows-internet-explorer-delete-manage-cookies<\/a><\/p><p>\u00a0<\/p><p>Firefox<br \/>\u2022\u00a0<a href=\"https:\/\/support.mozilla.org\/es\/kb\/habilitar-y-deshabilitar-cookies-sitios-web-rastrear-preferencias?redirectlocale=es&amp;redirectslug=habilitar-y-deshabilitar-cookies-que-los-sitios-we\" target=\"_blank\" rel=\"noopener\">https:\/\/support.mozilla.org\/es\/kb\/habilitar-y-deshabilitar-cookies-sitios-web-rastrear-preferencias?redirectlocale=es&amp;redirectslug=habilitar-y-deshabilitar-cookies-que-los-sitios-we<\/a><\/p><p>\u00a0<\/p><p>Chrome<br \/>\u2022\u00a0<a href=\"https:\/\/support.google.com\/chrome\/answer\/95647?hl=en\" target=\"_blank\" rel=\"noopener\">https:\/\/support.google.com\/chrome\/answer\/95647?hl=en<\/a><\/p><p>\u00a0<\/p><p>Safari<br \/>\u2022\u00a0<a href=\"https:\/\/support.apple.com\/en-ng\/guide\/safari\/sfri11471\/mac\" target=\"_blank\" rel=\"noopener\">https:\/\/support.apple.com\/en-ng\/guide\/safari\/sfri11471\/mac<\/a><\/p><h4>\u00a0<\/h4><h4>5. Canvis en la pol\u00edtica de cookies<\/h4><p>\u00a0<\/p><p>\u00c9s possible que aquesta Pol\u00edtica de Cookies estigui subjecta a canvis o modificacions, per aix\u00f2 us recomanem revisar aquesta pol\u00edtica cada vegada que accediu al nostre Lloc Web amb l&#8217;objectiu d&#8217;estar adequadament informat sobre com i per a qu\u00e8 utilitzem les cookies.<\/p><h4>\u00a0<\/h4><h4>6. Contacte<\/h4><p>\u00a0<\/p><p>Si tingu\u00e9ssiu algun dubte, comentari o suggeriment sobre la Pol\u00edtica de Cookies, si us plau, poseu-vos en contacte amb nosaltres a trav\u00e9s de l&#8217;adre\u00e7a de correu electr\u00f2nic <a href=\"mailto:info@gbformacio.com\">info@gbformacio.com<\/a>.<\/p><p>\u00daltima versi\u00f3: 08 de febrer de 2024.<\/p>\t\t\t\t\t\t\t\t<\/div>\n\t\t\t\t<\/div>\n\t\t\t\t<\/div>\n\t\t<div class=\"elementor-element elementor-element-27eecf9 e-con-full e-flex e-con e-child\" data-id=\"27eecf9\" data-element_type=\"container\" data-e-type=\"container\" data-settings=\"{&quot;sticky&quot;:&quot;top&quot;,&quot;sticky_on&quot;:[&quot;desktop&quot;],&quot;sticky_offset&quot;:140,&quot;sticky_parent&quot;:&quot;yes&quot;,&quot;sticky_effects_offset&quot;:0,&quot;sticky_anchor_link_offset&quot;:0}\">\n\t\t\t\t<div class=\"elementor-element elementor-element-7673121 elementor-nav-menu--dropdown-none elementor-widget elementor-widget-nav-menu\" data-id=\"7673121\" data-element_type=\"widget\" data-e-type=\"widget\" data-settings=\"{&quot;layout&quot;:&quot;vertical&quot;,&quot;submenu_icon&quot;:{&quot;value&quot;:&quot;&lt;svg aria-hidden=\\&quot;true\\&quot; class=\\&quot;e-font-icon-svg e-fas-caret-down\\&quot; viewBox=\\&quot;0 0 320 512\\&quot; xmlns=\\&quot;http:\\\/\\\/www.w3.org\\\/2000\\\/svg\\&quot;&gt;&lt;path d=\\&quot;M31.3 192h257.3c17.8 0 26.7 21.5 14.1 34.1L174.1 354.8c-7.8 7.8-20.5 7.8-28.3 0L17.2 226.1C4.6 213.5 13.5 192 31.3 192z\\&quot;&gt;&lt;\\\/path&gt;&lt;\\\/svg&gt;&quot;,&quot;library&quot;:&quot;fa-solid&quot;}}\" data-widget_type=\"nav-menu.default\">\n\t\t\t\t<div class=\"elementor-widget-container\">\n\t\t\t\t\t\t\t\t<nav aria-label=\"Men\u00fa\" class=\"elementor-nav-menu--main elementor-nav-menu__container elementor-nav-menu--layout-vertical e--pointer-none\">\n\t\t\t\t<ul id=\"menu-1-7673121\" class=\"elementor-nav-menu sm-vertical\"><li class=\"menu-item menu-item-type-post_type menu-item-object-page menu-item-6390\"><a href=\"https:\/\/www.gbformacio.com\/ca\/avis-legal\/\" class=\"elementor-item\">Av\u00eds legal<\/a><\/li>\n<li class=\"menu-item menu-item-type-post_type menu-item-object-page menu-item-6392\"><a href=\"https:\/\/www.gbformacio.com\/ca\/politica-de-privadesa\/\" class=\"elementor-item\">Pol\u00edtica de privadesa<\/a><\/li>\n<li class=\"menu-item menu-item-type-post_type menu-item-object-page menu-item-6391\"><a href=\"https:\/\/www.gbformacio.com\/ca\/politica-de-cookies\/\" class=\"elementor-item\">Pol\u00edtica de cookies<\/a><\/li>\n<li class=\"menu-item menu-item-type-post_type menu-item-object-page menu-item-6393\"><a href=\"https:\/\/www.gbformacio.com\/ca\/canal-de-denuncies\/\" class=\"elementor-item\">Canal de den\u00fancies<\/a><\/li>\n<\/ul>\t\t\t<\/nav>\n\t\t\t\t\t\t<nav class=\"elementor-nav-menu--dropdown elementor-nav-menu__container\" aria-hidden=\"true\">\n\t\t\t\t<ul id=\"menu-2-7673121\" class=\"elementor-nav-menu sm-vertical\"><li class=\"menu-item menu-item-type-post_type menu-item-object-page menu-item-6390\"><a href=\"https:\/\/www.gbformacio.com\/ca\/avis-legal\/\" class=\"elementor-item\" tabindex=\"-1\">Av\u00eds legal<\/a><\/li>\n<li class=\"menu-item menu-item-type-post_type menu-item-object-page menu-item-6392\"><a href=\"https:\/\/www.gbformacio.com\/ca\/politica-de-privadesa\/\" class=\"elementor-item\" tabindex=\"-1\">Pol\u00edtica de privadesa<\/a><\/li>\n<li class=\"menu-item menu-item-type-post_type menu-item-object-page menu-item-6391\"><a href=\"https:\/\/www.gbformacio.com\/ca\/politica-de-cookies\/\" class=\"elementor-item\" tabindex=\"-1\">Pol\u00edtica de cookies<\/a><\/li>\n<li class=\"menu-item menu-item-type-post_type menu-item-object-page menu-item-6393\"><a href=\"https:\/\/www.gbformacio.com\/ca\/canal-de-denuncies\/\" class=\"elementor-item\" tabindex=\"-1\">Canal de den\u00fancies<\/a><\/li>\n<\/ul>\t\t\t<\/nav>\n\t\t\t\t\t\t<\/div>\n\t\t\t\t<\/div>\n\t\t\t\t<\/div>\n\t\t\t\t\t<\/div>\n\t\t\t\t<\/div>\n\t\t\t\t<\/div>\n\t\t","protected":false},"excerpt":{"rendered":"<p>Pol\u00edtica de cookies Que s\u00f3n les cookies i quins tipus de cookies utilitzem. Aquesta Pol\u00edtica de Cookies explica qu\u00e8 s\u00f3n les cookies, com les que utilitza GREMIBAIX FUNDACI\u00d3 (d&#8217;ara endavant, [&hellip;]<\/p>\n","protected":false},"author":1,"featured_media":0,"parent":0,"menu_order":0,"comment_status":"closed","ping_status":"closed","template":"","meta":{"_acf_changed":false,"footnotes":""},"class_list":["post-3948","page","type-page","status-publish","hentry"],"acf":[],"yoast_head":"<!-- This site is optimized with the Yoast SEO plugin v27.3 - https:\/\/yoast.com\/product\/yoast-seo-wordpress\/ -->\n<title>Pol\u00edtica de cookies - GB Fundaci\u00f3<\/title>\n<meta name=\"robots\" content=\"index, follow, max-snippet:-1, max-image-preview:large, max-video-preview:-1\" \/>\n<link rel=\"canonical\" href=\"https:\/\/www.gbformacio.com\/ca\/politica-de-cookies\/\" \/>\n<meta property=\"og:locale\" content=\"ca_ES\" \/>\n<meta property=\"og:type\" content=\"article\" \/>\n<meta property=\"og:title\" content=\"Pol\u00edtica de cookies - GB Fundaci\u00f3\" \/>\n<meta property=\"og:description\" content=\"Pol\u00edtica de cookies Que s\u00f3n les cookies i quins tipus de cookies utilitzem. Aquesta Pol\u00edtica de Cookies explica qu\u00e8 s\u00f3n les cookies, com les que utilitza GREMIBAIX FUNDACI\u00d3 (d&#8217;ara endavant, [&hellip;]\" \/>\n<meta property=\"og:url\" content=\"https:\/\/www.gbformacio.com\/ca\/politica-de-cookies\/\" \/>\n<meta property=\"og:site_name\" content=\"GB Fundaci\u00f3\" \/>\n<meta property=\"article:publisher\" content=\"https:\/\/www.facebook.com\/GBFundaci-164953027510395\/\" \/>\n<meta property=\"article:modified_time\" content=\"2024-11-27T11:16:57+00:00\" \/>\n<meta name=\"twitter:card\" content=\"summary_large_image\" \/>\n<meta name=\"twitter:label1\" content=\"Temps estimat de lectura\" \/>\n\t<meta name=\"twitter:data1\" content=\"7 minuts\" \/>\n<script type=\"application\/ld+json\" class=\"yoast-schema-graph\">{\"@context\":\"https:\\\/\\\/schema.org\",\"@graph\":[{\"@type\":\"WebPage\",\"@id\":\"https:\\\/\\\/www.gbformacio.com\\\/ca\\\/politica-de-cookies\\\/\",\"url\":\"https:\\\/\\\/www.gbformacio.com\\\/ca\\\/politica-de-cookies\\\/\",\"name\":\"Pol\u00edtica de cookies - GB Fundaci\u00f3\",\"isPartOf\":{\"@id\":\"https:\\\/\\\/www.gbformacio.com\\\/ca\\\/#website\"},\"datePublished\":\"2024-10-17T09:41:26+00:00\",\"dateModified\":\"2024-11-27T11:16:57+00:00\",\"breadcrumb\":{\"@id\":\"https:\\\/\\\/www.gbformacio.com\\\/ca\\\/politica-de-cookies\\\/#breadcrumb\"},\"inLanguage\":\"ca\",\"potentialAction\":[{\"@type\":\"ReadAction\",\"target\":[\"https:\\\/\\\/www.gbformacio.com\\\/ca\\\/politica-de-cookies\\\/\"]}]},{\"@type\":\"BreadcrumbList\",\"@id\":\"https:\\\/\\\/www.gbformacio.com\\\/ca\\\/politica-de-cookies\\\/#breadcrumb\",\"itemListElement\":[{\"@type\":\"ListItem\",\"position\":1,\"name\":\"Portada\",\"item\":\"https:\\\/\\\/www.gbformacio.com\\\/ca\\\/inici\\\/\"},{\"@type\":\"ListItem\",\"position\":2,\"name\":\"Pol\u00edtica de cookies\"}]},{\"@type\":\"WebSite\",\"@id\":\"https:\\\/\\\/www.gbformacio.com\\\/ca\\\/#website\",\"url\":\"https:\\\/\\\/www.gbformacio.com\\\/ca\\\/\",\"name\":\"GB Fundaci\u00f3\",\"description\":\"\",\"publisher\":{\"@id\":\"https:\\\/\\\/www.gbformacio.com\\\/ca\\\/#organization\"},\"potentialAction\":[{\"@type\":\"SearchAction\",\"target\":{\"@type\":\"EntryPoint\",\"urlTemplate\":\"https:\\\/\\\/www.gbformacio.com\\\/ca\\\/?s={search_term_string}\"},\"query-input\":{\"@type\":\"PropertyValueSpecification\",\"valueRequired\":true,\"valueName\":\"search_term_string\"}}],\"inLanguage\":\"ca\"},{\"@type\":\"Organization\",\"@id\":\"https:\\\/\\\/www.gbformacio.com\\\/ca\\\/#organization\",\"name\":\"GB Fundaci\u00f3\",\"url\":\"https:\\\/\\\/www.gbformacio.com\\\/ca\\\/\",\"logo\":{\"@type\":\"ImageObject\",\"inLanguage\":\"ca\",\"@id\":\"https:\\\/\\\/www.gbformacio.com\\\/ca\\\/#\\\/schema\\\/logo\\\/image\\\/\",\"url\":\"https:\\\/\\\/www.gbformacio.com\\\/wp-content\\\/uploads\\\/2024\\\/09\\\/logo.svg\",\"contentUrl\":\"https:\\\/\\\/www.gbformacio.com\\\/wp-content\\\/uploads\\\/2024\\\/09\\\/logo.svg\",\"width\":367,\"height\":190,\"caption\":\"GB Fundaci\u00f3\"},\"image\":{\"@id\":\"https:\\\/\\\/www.gbformacio.com\\\/ca\\\/#\\\/schema\\\/logo\\\/image\\\/\"},\"sameAs\":[\"https:\\\/\\\/www.facebook.com\\\/GBFundaci-164953027510395\\\/\"]}]}<\/script>\n<!-- \/ Yoast SEO plugin. -->","yoast_head_json":{"title":"Pol\u00edtica de cookies - GB Fundaci\u00f3","robots":{"index":"index","follow":"follow","max-snippet":"max-snippet:-1","max-image-preview":"max-image-preview:large","max-video-preview":"max-video-preview:-1"},"canonical":"https:\/\/www.gbformacio.com\/ca\/politica-de-cookies\/","og_locale":"ca_ES","og_type":"article","og_title":"Pol\u00edtica de cookies - GB Fundaci\u00f3","og_description":"Pol\u00edtica de cookies Que s\u00f3n les cookies i quins tipus de cookies utilitzem. Aquesta Pol\u00edtica de Cookies explica qu\u00e8 s\u00f3n les cookies, com les que utilitza GREMIBAIX FUNDACI\u00d3 (d&#8217;ara endavant, [&hellip;]","og_url":"https:\/\/www.gbformacio.com\/ca\/politica-de-cookies\/","og_site_name":"GB Fundaci\u00f3","article_publisher":"https:\/\/www.facebook.com\/GBFundaci-164953027510395\/","article_modified_time":"2024-11-27T11:16:57+00:00","twitter_card":"summary_large_image","twitter_misc":{"Temps estimat de lectura":"7 minuts"},"schema":{"@context":"https:\/\/schema.org","@graph":[{"@type":"WebPage","@id":"https:\/\/www.gbformacio.com\/ca\/politica-de-cookies\/","url":"https:\/\/www.gbformacio.com\/ca\/politica-de-cookies\/","name":"Pol\u00edtica de cookies - GB Fundaci\u00f3","isPartOf":{"@id":"https:\/\/www.gbformacio.com\/ca\/#website"},"datePublished":"2024-10-17T09:41:26+00:00","dateModified":"2024-11-27T11:16:57+00:00","breadcrumb":{"@id":"https:\/\/www.gbformacio.com\/ca\/politica-de-cookies\/#breadcrumb"},"inLanguage":"ca","potentialAction":[{"@type":"ReadAction","target":["https:\/\/www.gbformacio.com\/ca\/politica-de-cookies\/"]}]},{"@type":"BreadcrumbList","@id":"https:\/\/www.gbformacio.com\/ca\/politica-de-cookies\/#breadcrumb","itemListElement":[{"@type":"ListItem","position":1,"name":"Portada","item":"https:\/\/www.gbformacio.com\/ca\/inici\/"},{"@type":"ListItem","position":2,"name":"Pol\u00edtica de cookies"}]},{"@type":"WebSite","@id":"https:\/\/www.gbformacio.com\/ca\/#website","url":"https:\/\/www.gbformacio.com\/ca\/","name":"GB Fundaci\u00f3","description":"","publisher":{"@id":"https:\/\/www.gbformacio.com\/ca\/#organization"},"potentialAction":[{"@type":"SearchAction","target":{"@type":"EntryPoint","urlTemplate":"https:\/\/www.gbformacio.com\/ca\/?s={search_term_string}"},"query-input":{"@type":"PropertyValueSpecification","valueRequired":true,"valueName":"search_term_string"}}],"inLanguage":"ca"},{"@type":"Organization","@id":"https:\/\/www.gbformacio.com\/ca\/#organization","name":"GB Fundaci\u00f3","url":"https:\/\/www.gbformacio.com\/ca\/","logo":{"@type":"ImageObject","inLanguage":"ca","@id":"https:\/\/www.gbformacio.com\/ca\/#\/schema\/logo\/image\/","url":"https:\/\/www.gbformacio.com\/wp-content\/uploads\/2024\/09\/logo.svg","contentUrl":"https:\/\/www.gbformacio.com\/wp-content\/uploads\/2024\/09\/logo.svg","width":367,"height":190,"caption":"GB Fundaci\u00f3"},"image":{"@id":"https:\/\/www.gbformacio.com\/ca\/#\/schema\/logo\/image\/"},"sameAs":["https:\/\/www.facebook.com\/GBFundaci-164953027510395\/"]}]}},"_links":{"self":[{"href":"https:\/\/www.gbformacio.com\/ca\/wp-json\/wp\/v2\/pages\/3948","targetHints":{"allow":["GET"]}}],"collection":[{"href":"https:\/\/www.gbformacio.com\/ca\/wp-json\/wp\/v2\/pages"}],"about":[{"href":"https:\/\/www.gbformacio.com\/ca\/wp-json\/wp\/v2\/types\/page"}],"author":[{"embeddable":true,"href":"https:\/\/www.gbformacio.com\/ca\/wp-json\/wp\/v2\/users\/1"}],"replies":[{"embeddable":true,"href":"https:\/\/www.gbformacio.com\/ca\/wp-json\/wp\/v2\/comments?post=3948"}],"version-history":[{"count":0,"href":"https:\/\/www.gbformacio.com\/ca\/wp-json\/wp\/v2\/pages\/3948\/revisions"}],"wp:attachment":[{"href":"https:\/\/www.gbformacio.com\/ca\/wp-json\/wp\/v2\/media?parent=3948"}],"curies":[{"name":"wp","href":"https:\/\/api.w.org\/{rel}","templated":true}]}}